{"id":110,"date":"2022-09-06T16:37:50","date_gmt":"2022-09-06T16:37:50","guid":{"rendered":"https:\/\/change.uni-ak.ac.at\/?page_id=110"},"modified":"2022-09-13T11:38:55","modified_gmt":"2022-09-13T11:38:55","slug":"impressum","status":"publish","type":"page","link":"https:\/\/change.uni-ak.ac.at\/index.php\/impressum\/","title":{"rendered":"Impressum"},"content":{"rendered":"<p>[et_pb_section fb_built=&#8221;1&#8243; _builder_version=&#8221;4.18.0&#8243; _module_preset=&#8221;default&#8221; global_colors_info=&#8221;{}&#8221;][et_pb_row _builder_version=&#8221;4.18.0&#8243; _module_preset=&#8221;default&#8221; global_colors_info=&#8221;{}&#8221;][et_pb_column type=&#8221;4_4&#8243; _builder_version=&#8221;4.18.0&#8243; _module_preset=&#8221;default&#8221; global_colors_info=&#8221;{}&#8221;][et_pb_text _builder_version=&#8221;4.18.0&#8243; _module_preset=&#8221;default&#8221; global_colors_info=&#8221;{}&#8221;]<\/p>\n<h1>Impressum<\/h1>\n<p>Der RfN ist eine Kooperation der Universit\u00e4t f\u00fcr angewandte Kunst Wien<br \/>Contact person: Prof. Mag.a Michaela Theresia Martinek<\/p>\n<p><strong>Universit\u00e4t f\u00fcr angewandte Kunst Wien<\/strong><br \/>Oskar-Kokoschka-Platz 2<br \/>1010 Wien, \u00d6sterreich<br \/>Tel: +43 -1-71133-2160<br \/>info@uni-ak.ac.at<br \/>www.dieangewandte.at<\/p>\n<p>Gem\u00e4\u00df \u00a7 4 Universit\u00e4tsgesetz 2002, BGBI I 2002\/120 iddgF ist die Universit\u00e4t f\u00fcr angewandte Kunst Wien eine juristische Person des \u00f6ffentlichen Rechts.<\/p>\n<h2>Haftung<\/h2>\n<p>S\u00e4mtliche Texte auf der Homepage des RfN wurden sorgf\u00e4ltig gepr\u00fcft. Dessen ungeachtet kann keine Garantie f\u00fcr die Richtigkeit, Vollst\u00e4ndigkeit und Aktualit\u00e4t der Angaben \u00fcbernommen werden. Eine Haftung der Ludwig Boltzmann Gesellschaft und\/oder der Universit\u00e4t f\u00fcr angewandte Kunst Wien wird daher ausgeschlossen. Die Links zu anderen Webseiten wurden sorgf\u00e4ltig ausgew\u00e4hlt. Da der Action for Sustainable Future hub auf deren Inhalt keinen Einfluss hat, \u00fcbernimmt die Ludwig Boltzmann Gesellschaft und\/oder die Universit\u00e4t f\u00fcr angewandte Kunst Wien daf\u00fcr keine Verantwortung.<\/p>\n<h2>Redaktionelle Verantwortung<\/h2>\n<p>Prof. Mag.a Michaela Theresia Martinek<br \/>michaela.martinek@uni-ak.ac.at<\/p>\n<p>[\/et_pb_text][\/et_pb_column][\/et_pb_row][\/et_pb_section]<\/p>\n","protected":false},"excerpt":{"rendered":"<p>Impressum Der RfN ist eine Kooperation der Universit\u00e4t f\u00fcr angewandte Kunst WienContact person: Prof. Mag.a Michaela Theresia Martinek Universit\u00e4t f\u00fcr angewandte Kunst WienOskar-Kokoschka-Platz 21010 Wien, \u00d6sterreichTel: +43 -1-71133-2160info@uni-ak.ac.atwww.dieangewandte.at Gem\u00e4\u00df \u00a7 4 Universit\u00e4tsgesetz 2002, BGBI I 2002\/120 iddgF ist die Universit\u00e4t f\u00fcr angewandte Kunst Wien eine juristische Person des \u00f6ffentlichen Rechts. Haftung S\u00e4mtliche Texte auf der [&hellip;]<\/p>\n","protected":false},"author":1,"featured_media":0,"parent":0,"menu_order":0,"comment_status":"closed","ping_status":"closed","template":"","meta":{"_et_pb_use_builder":"on","_et_pb_old_content":"","_et_gb_content_width":"","footnotes":""},"class_list":["post-110","page","type-page","status-publish","hentry"],"_links":{"self":[{"href":"https:\/\/change.uni-ak.ac.at\/index.php\/wp-json\/wp\/v2\/pages\/110","targetHints":{"allow":["GET"]}}],"collection":[{"href":"https:\/\/change.uni-ak.ac.at\/index.php\/wp-json\/wp\/v2\/pages"}],"about":[{"href":"https:\/\/change.uni-ak.ac.at\/index.php\/wp-json\/wp\/v2\/types\/page"}],"author":[{"embeddable":true,"href":"https:\/\/change.uni-ak.ac.at\/index.php\/wp-json\/wp\/v2\/users\/1"}],"replies":[{"embeddable":true,"href":"https:\/\/change.uni-ak.ac.at\/index.php\/wp-json\/wp\/v2\/comments?post=110"}],"version-history":[{"count":3,"href":"https:\/\/change.uni-ak.ac.at\/index.php\/wp-json\/wp\/v2\/pages\/110\/revisions"}],"predecessor-version":[{"id":153,"href":"https:\/\/change.uni-ak.ac.at\/index.php\/wp-json\/wp\/v2\/pages\/110\/revisions\/153"}],"wp:attachment":[{"href":"https:\/\/change.uni-ak.ac.at\/index.php\/wp-json\/wp\/v2\/media?parent=110"}],"curies":[{"name":"wp","href":"https:\/\/api.w.org\/{rel}","templated":true}]}}